{"id":48944,"date":"2023-10-12T10:38:58","date_gmt":"2023-10-12T08:38:58","guid":{"rendered":"https:\/\/brentex.ch\/?page_id=48944"},"modified":"2026-03-25T12:16:30","modified_gmt":"2026-03-25T11:16:30","slug":"karriere","status":"publish","type":"page","link":"https:\/\/brentex.ch\/en\/karriere\/","title":{"rendered":"Career"},"content":{"rendered":"<div data-elementor-type=\"wp-page\" data-elementor-id=\"48944\" class=\"elementor elementor-48944\" data-elementor-post-type=\"page\">\n\t\t\t\t\t\t<div class=\"elementor-inner\">\n\t\t\t\t<div class=\"elementor-section-wrap\">\n\t\t\t\t\t\t\t\t\t<section class=\"elementor-section elementor-top-section elementor-element elementor-element-c8c9508 elementor-section-boxed elementor-section-height-default elementor-section-height-default\" data-id=\"c8c9508\" data-element_type=\"section\" data-settings=\"{&quot;background_background&quot;:&quot;classic&quot;,&quot;background_motion_fx_motion_fx_mouse&quot;:&quot;yes&quot;,&quot;background_motion_fx_mouseTrack_effect&quot;:&quot;yes&quot;,&quot;background_motion_fx_mouseTrack_speed&quot;:{&quot;unit&quot;:&quot;px&quot;,&quot;size&quot;:0.2,&quot;sizes&quot;:[]},&quot;_ha_eqh_enable&quot;:false}\">\n\t\t\t\t\t\t\t<div class=\"elementor-background-overlay\"><\/div>\n\t\t\t\t\t\t\t<div class=\"elementor-container elementor-column-gap-default\">\n\t\t\t\t\t\t\t<div class=\"elementor-row\">\n\t\t\t\t\t<div class=\"elementor-column elementor-col-100 elementor-top-column elementor-element elementor-element-4b5378a\" data-id=\"4b5378a\" data-element_type=\"column\">\n\t\t\t<div class=\"elementor-column-wrap elementor-element-populated\">\n\t\t\t\t\t\t\t<div class=\"elementor-widget-wrap\">\n\t\t\t\t\t\t<div class=\"elementor-element elementor-element-ae4ff85 elementor-widget elementor-widget-heading\" data-id=\"ae4ff85\" data-element_type=\"widget\" data-widget_type=\"heading.default\">\n\t\t\t\t<div class=\"elementor-widget-container\">\n\t\t\t<h2 class=\"elementor-heading-title elementor-size-default\">Career<\/h2>\t\t<\/div>\n\t\t\t\t<\/div>\n\t\t\t\t<div class=\"elementor-element elementor-element-8de676d elementor-widget elementor-widget-heading\" data-id=\"8de676d\" data-element_type=\"widget\" data-widget_type=\"heading.default\">\n\t\t\t\t<div class=\"elementor-widget-container\">\n\t\t\t<h2 class=\"elementor-heading-title elementor-size-default\">Your story<br> starts here<\/h2>\t\t<\/div>\n\t\t\t\t<\/div>\n\t\t\t\t<div class=\"elementor-element elementor-element-557b64b elementor-widget elementor-widget-text-editor\" data-id=\"557b64b\" data-element_type=\"widget\" data-widget_type=\"text-editor.default\">\n\t\t\t\t<div class=\"elementor-widget-container\">\n\t\t\t\t\t\t\t\t<div class=\"elementor-text-editor elementor-clearfix\">\n\t\t\t\t<p>Brentex is a reputable partner for web design and online marketing which successfully establishes companies in the digital world. The unwavering commitment to quality and customer satisfaction makes Brentex one of the leading companies for web design in Switzerland. Become a part of our success story and apply for a career with us!<\/p>\t\t\t\t\t<\/div>\n\t\t\t\t\t\t<\/div>\n\t\t\t\t<\/div>\n\t\t\t\t\t\t<\/div>\n\t\t\t\t\t<\/div>\n\t\t<\/div>\n\t\t\t\t\t\t\t\t<\/div>\n\t\t\t\t\t<\/div>\n\t\t<\/section>\n\t\t\t\t<section class=\"elementor-section elementor-top-section elementor-element elementor-element-05cb729 elementor-section-boxed elementor-section-height-default elementor-section-height-default\" data-id=\"05cb729\" data-element_type=\"section\" data-settings=\"{&quot;background_background&quot;:&quot;classic&quot;,&quot;_ha_eqh_enable&quot;:false}\">\n\t\t\t\t\t\t<div class=\"elementor-container elementor-column-gap-default\">\n\t\t\t\t\t\t\t<div class=\"elementor-row\">\n\t\t\t\t\t<div class=\"elementor-column elementor-col-50 elementor-top-column elementor-element elementor-element-6558b78\" data-id=\"6558b78\" data-element_type=\"column\" data-settings=\"{&quot;background_background&quot;:&quot;classic&quot;}\">\n\t\t\t<div class=\"elementor-column-wrap elementor-element-populated\">\n\t\t\t\t\t\t\t<div class=\"elementor-widget-wrap\">\n\t\t\t\t\t\t<div class=\"elementor-element elementor-element-7b2527a elementor-widget elementor-widget-heading\" data-id=\"7b2527a\" data-element_type=\"widget\" data-widget_type=\"heading.default\">\n\t\t\t\t<div class=\"elementor-widget-container\">\n\t\t\t<h2 class=\"elementor-heading-title elementor-size-default\">Vacancies<\/h2>\t\t<\/div>\n\t\t\t\t<\/div>\n\t\t\t\t<div class=\"elementor-element elementor-element-92bfbef elementor-widget elementor-widget-eael-adv-accordion\" data-id=\"92bfbef\" data-element_type=\"widget\" data-widget_type=\"eael-adv-accordion.default\">\n\t\t\t\t<div class=\"elementor-widget-container\">\n\t\t\t        <div class=\"eael-adv-accordion\" id=\"eael-adv-accordion-92bfbef\" data-accordion-id=\"92bfbef\" data-accordion-type=\"accordion\" data-toogle-speed=\"300\">\n    <div class=\"eael-accordion-list\">\n                <div id=\"sales-mitarbeiter-100\" class=\"elementor-tab-title eael-accordion-header\" tabindex=\"1531\" data-tab=\"1\" aria-controls=\"elementor-tab-content-1531\"><span class=\"eael-accordion-tab-title\">Sales employees, 100%<\/span><i aria-hidden=\"true\" class=\"fa-toggle icon icon-plus\"><\/i><\/div><div id=\"elementor-tab-content-1531\" class=\"eael-accordion-content clearfix\" data-tab=\"1\" aria-labelledby=\"sales-mitarbeiter-100\"><p><p><span style=\"color: #ffffff;\">To support our sales team we are looking for:<br \/><\/span><span style=\"color: #ffffff;\"><br \/>Sales representatives in the field (with basic salary) 100%<br \/><br \/><\/span><span style=\"color: #ffffff;\"><strong>Your tasks:<\/strong><\/span><\/p><ul><li><span style=\"color: #ffffff;\">Sales and consulting of demanding customers in the B2B area<\/span><\/li><li><span style=\"color: #ffffff;\">Establishment and maintenance of long-term customer relationships<\/span><\/li><li><span style=\"color: #ffffff;\">Active acquisition of new customers<\/span><\/li><li><span style=\"color: #ffffff;\">Independent preparation, execution and follow-up of customer visits<\/span><\/li><li><span style=\"color: #ffffff;\">Administrative tasks such as data maintenance<\/span><\/li><\/ul><p><span style=\"color: #ffffff;\"><strong>Your qualifications:<\/strong><\/span><\/p><ul><li><span style=\"color: #ffffff;\">Enjoy personal customer contact<\/span><\/li><li><span style=\"color: #ffffff;\">Performance-oriented, communicative and organized<\/span><\/li><li><span style=\"color: #ffffff;\">Humor, charm, persuasiveness and ambition<\/span><\/li><li><span style=\"color: #ffffff;\">Confident and neat appearance<\/span><\/li><li><span style=\"color: #ffffff;\">Driving license (cat. B) is mandatory<\/span><\/li><\/ul><p><span style=\"color: #ffffff;\"><strong>We offer:<\/strong><\/span><\/p><ul><li><span style=\"color: #ffffff;\">A dynamic team<\/span><\/li><li><span style=\"color: #ffffff;\">Flat hierarchies and short decision-making processes<\/span><\/li><li><span style=\"color: #ffffff;\">A diverse range of products from the digital world<\/span><\/li><li><span style=\"color: #ffffff;\">A broad sales area<\/span><\/li><li><span style=\"color: #ffffff;\">Solid training<\/span><\/li><li><span style=\"color: #ffffff;\">An attractive commission model with a basic salary<\/span><\/li><\/ul><p><span style=\"color: #ffffff;\"><br \/>Applications from people with a different professional background are also accepted.<\/span><br \/><span style=\"color: #ffffff;\">We are looking forward to your application!<\/span><\/p><\/p><\/div>\n                <\/div><\/div>\t\t<\/div>\n\t\t\t\t<\/div>\n\t\t\t\t\t\t<\/div>\n\t\t\t\t\t<\/div>\n\t\t<\/div>\n\t\t\t\t<div class=\"elementor-column elementor-col-50 elementor-top-column elementor-element elementor-element-f62e6cc elementor-hidden-mobile\" data-id=\"f62e6cc\" data-element_type=\"column\">\n\t\t\t<div class=\"elementor-column-wrap\">\n\t\t\t\t\t\t\t<div class=\"elementor-widget-wrap\">\n\t\t\t\t\t\t\t\t<\/div>\n\t\t\t\t\t<\/div>\n\t\t<\/div>\n\t\t\t\t\t\t\t\t<\/div>\n\t\t\t\t\t<\/div>\n\t\t<\/section>\n\t\t<div class=\"elementor-element elementor-element-e4186ae e-flex e-con-boxed e-con\" data-id=\"e4186ae\" data-element_type=\"container\" data-settings=\"{&quot;background_background&quot;:&quot;classic&quot;,&quot;content_width&quot;:&quot;boxed&quot;}\">\n\t\t\t\t\t<div class=\"e-con-inner\">\n\t\t\t\t<div class=\"elementor-element elementor-element-ab7660e elementor-widget elementor-widget-spacer\" data-id=\"ab7660e\" data-element_type=\"widget\" data-widget_type=\"spacer.default\">\n\t\t\t\t<div class=\"elementor-widget-container\">\n\t\t\t\t\t<div class=\"elementor-spacer\">\n\t\t\t<div class=\"elementor-spacer-inner\"><\/div>\n\t\t<\/div>\n\t\t\t\t<\/div>\n\t\t\t\t<\/div>\n\t\t\t\t\t<\/div>\n\t\t\t\t<\/div>\n\t\t\t\t<section class=\"elementor-section elementor-top-section elementor-element elementor-element-289516b elementor-section-boxed elementor-section-height-default elementor-section-height-default\" data-id=\"289516b\" data-element_type=\"section\" data-settings=\"{&quot;background_background&quot;:&quot;classic&quot;,&quot;_ha_eqh_enable&quot;:false}\">\n\t\t\t\t\t\t<div class=\"elementor-container elementor-column-gap-default\">\n\t\t\t\t\t\t\t<div class=\"elementor-row\">\n\t\t\t\t\t<div class=\"elementor-column elementor-col-100 elementor-top-column elementor-element elementor-element-9124856\" data-id=\"9124856\" data-element_type=\"column\" data-settings=\"{&quot;animation&quot;:&quot;none&quot;}\">\n\t\t\t<div class=\"elementor-column-wrap elementor-element-populated\">\n\t\t\t\t\t\t\t<div class=\"elementor-widget-wrap\">\n\t\t\t\t\t\t<div class=\"elementor-element elementor-element-46a1fd1 elementor-widget elementor-widget-heading\" data-id=\"46a1fd1\" data-element_type=\"widget\" data-widget_type=\"heading.default\">\n\t\t\t\t<div class=\"elementor-widget-container\">\n\t\t\t<h2 class=\"elementor-heading-title elementor-size-default\">Your application<\/h2>\t\t<\/div>\n\t\t\t\t<\/div>\n\t\t\t\t<div class=\"elementor-element elementor-element-6f26ce5 elementor-widget elementor-widget-text-editor\" data-id=\"6f26ce5\" data-element_type=\"widget\" data-widget_type=\"text-editor.default\">\n\t\t\t\t<div class=\"elementor-widget-container\">\n\t\t\t\t\t\t\t\t<div class=\"elementor-text-editor elementor-clearfix\">\n\t\t\t\t<p>If one of the above positions is exactly what you are looking for, please send us your complete application via the contact form. We are looking forward to getting to know you!<\/p>\t\t\t\t\t<\/div>\n\t\t\t\t\t\t<\/div>\n\t\t\t\t<\/div>\n\t\t\t\t<div class=\"elementor-element elementor-element-138c31f eael-wpforms-labels-yes eael-wpforms-form-button-custom elementor-widget elementor-widget-eael-wpforms\" data-id=\"138c31f\" data-element_type=\"widget\" data-widget_type=\"eael-wpforms.default\">\n\t\t\t\t<div class=\"elementor-widget-container\">\n\t\t\t            <div class=\"eael-contact-form eael-wpforms eael-contact-form-align-default\">\n                                <div class=\"wpforms-container wpforms-container-full\" id=\"wpforms-49249\"><form id=\"wpforms-form-49249\" class=\"wpforms-validate wpforms-form wpforms-ajax-form\" data-formid=\"49249\" method=\"post\" enctype=\"multipart\/form-data\" action=\"\/en\/wp-json\/wp\/v2\/pages\/48944?wpforms_form_id=49249\" data-token=\"17382c9b7ea91bff879308d1c549bf57\" data-token-time=\"1775604545\" data-trp-original-action=\"\/en\/wp-json\/wp\/v2\/pages\/48944?wpforms_form_id=49249\"><noscript class=\"wpforms-error-noscript\">Please enable JavaScript in your browser to complete this form.<\/noscript><div class=\"wpforms-field-container\"><div id=\"wpforms-49249-field_0-container\" class=\"wpforms-field wpforms-field-name wpforms-one-half wpforms-first\" data-field-id=\"0\"><label class=\"wpforms-field-label wpforms-label-hide\" for=\"wpforms-49249-field_0\">Name <span class=\"wpforms-required-label\">*<\/span><\/label><input type=\"text\" id=\"wpforms-49249-field_0\" class=\"wpforms-field-medium wpforms-field-required\" name=\"wpforms[fields][0]\" placeholder=\"Name\" required><\/div><div id=\"wpforms-49249-field_3-container\" class=\"wpforms-field wpforms-field-name wpforms-one-half\" data-field-id=\"3\"><label class=\"wpforms-field-label wpforms-label-hide\" for=\"wpforms-49249-field_3\">Vorname <span class=\"wpforms-required-label\">*<\/span><\/label><input type=\"text\" id=\"wpforms-49249-field_3\" class=\"wpforms-field-medium wpforms-field-required\" name=\"wpforms[fields][3]\" placeholder=\"Vorname\" required><\/div><div id=\"wpforms-49249-field_4-container\" class=\"wpforms-field wpforms-field-phone wpforms-one-half wpforms-first\" data-field-id=\"4\"><label class=\"wpforms-field-label wpforms-label-hide\" for=\"wpforms-49249-field_4\">Telefon<\/label><input type=\"tel\" id=\"wpforms-49249-field_4\" class=\"wpforms-field-medium\" data-rule-int-phone-field=\"true\" name=\"wpforms[fields][4]\" placeholder=\"Telefon\" ><\/div><div id=\"wpforms-49249-field_1-container\" class=\"wpforms-field wpforms-field-email wpforms-one-half\" data-field-id=\"1\"><label class=\"wpforms-field-label wpforms-label-hide\" for=\"wpforms-49249-field_1\">E-mail <span class=\"wpforms-required-label\">*<\/span><\/label><input type=\"email\" id=\"wpforms-49249-field_1\" class=\"wpforms-field-medium wpforms-field-required\" name=\"wpforms[fields][1]\" placeholder=\"E-mail\" spellcheck=\"false\" required><\/div><div id=\"wpforms-49249-field_8-container\" class=\"wpforms-field wpforms-field-name wpforms-two-fourths wpforms-first\" data-field-id=\"8\"><label class=\"wpforms-field-label wpforms-label-hide\" for=\"wpforms-49249-field_8\">Strasse + Nr. <span class=\"wpforms-required-label\">*<\/span><\/label><input type=\"text\" id=\"wpforms-49249-field_8\" class=\"wpforms-field-medium wpforms-field-required\" name=\"wpforms[fields][8]\" placeholder=\"Strasse + Nr.\" required><\/div><div id=\"wpforms-49249-field_9-container\" class=\"wpforms-field wpforms-field-name wpforms-one-fourth\" data-field-id=\"9\"><label class=\"wpforms-field-label wpforms-label-hide\" for=\"wpforms-49249-field_9\">PLZ <span class=\"wpforms-required-label\">*<\/span><\/label><input type=\"text\" id=\"wpforms-49249-field_9\" class=\"wpforms-field-medium wpforms-field-required\" name=\"wpforms[fields][9]\" placeholder=\"PLZ\" required><\/div><div id=\"wpforms-49249-field_10-container\" class=\"wpforms-field wpforms-field-name wpforms-one-fourth\" data-field-id=\"10\"><label class=\"wpforms-field-label wpforms-label-hide\" for=\"wpforms-49249-field_10\">Ort <span class=\"wpforms-required-label\">*<\/span><\/label><input type=\"text\" id=\"wpforms-49249-field_10\" class=\"wpforms-field-medium wpforms-field-required\" name=\"wpforms[fields][10]\" placeholder=\"Ort\" required><\/div><div id=\"wpforms-49249-field_11-container\" class=\"wpforms-field wpforms-field-file-upload\" data-field-id=\"11\"><label class=\"wpforms-field-label\" for=\"wpforms-49249-field_11\">Anh\u00e4nge<\/label><div\n\t\tclass=\"wpforms-uploader\"\n\t\tdata-field-id=\"11\"\n\t\tdata-form-id=\"49249\"\n\t\tdata-input-name=\"wpforms_49249_11\"\n\t\tdata-extensions=\"jpg,jpeg,jpe,gif,png,bmp,tiff,tif,webp,avif,ico,heic,asf,asx,wmv,wmx,wm,avi,divx,mov,qt,mpeg,mpg,mpe,mp4,m4v,ogv,webm,mkv,3gp,3gpp,3g2,3gp2,txt,asc,c,cc,h,srt,csv,tsv,ics,rtx,css,vtt,mp3,m4a,m4b,aac,ra,ram,wav,ogg,oga,flac,mid,midi,wma,wax,mka,rtf,pdf,class,tar,zip,gz,gzip,rar,7z,psd,xcf,doc,pot,pps,ppt,wri,xla,xls,xlt,xlw,mpp,docx,docm,dotx,dotm,xlsx,xlsm,xlsb,xltx,xltm,xlam,pptx,pptm,ppsx,ppsm,potx,potm,ppam,sldx,sldm,onetoc,onetoc2,onepkg,oxps,xps,odt,odp,ods,odg,odc,odb,odf,wp,wpd,key,numbers,pages,svg,svgz,json\"\n\t\tdata-max-size=\"2097152000\"\n\t\tdata-max-file-number=\"1\"\n\t\tdata-post-max-size=\"2097152000\"\n\t\tdata-max-parallel-uploads=\"4\"\n\t\tdata-parallel-uploads=\"true\"\n\t\tdata-file-chunk-size=\"2097152\">\n\t<div class=\"dz-message\">\n\t\t<svg viewbox=\"0 0 1024 1024\" focusable=\"false\" data-icon=\"inbox\" width=\"50px\" height=\"50px\" fill=\"currentColor\" aria-hidden=\"true\">\n\t\t\t<path d=\"M885.2 446.3l-.2-.8-112.2-285.1c-5-16.1-19.9-27.2-36.8-27.2H281.2c-17 0-32.1 11.3-36.9 27.6L139.4 443l-.3.7-.2.8c-1.3 4.9-1.7 9.9-1 14.8-.1 1.6-.2 3.2-.2 4.8V830a60.9 60.9 0 0 0 60.8 60.8h627.2c33.5 0 60.8-27.3 60.9-60.8V464.1c0-1.3 0-2.6-.1-3.7.4-4.9 0-9.6-1.3-14.1zm-295.8-43l-.3 15.7c-.8 44.9-31.8 75.1-77.1 75.1-22.1 0-41.1-7.1-54.8-20.6S436 441.2 435.6 419l-.3-15.7H229.5L309 210h399.2l81.7 193.3H589.4zm-375 76.8h157.3c24.3 57.1 76 90.8 140.4 90.8 33.7 0 65-9.4 90.3-27.2 22.2-15.6 39.5-37.4 50.7-63.6h156.5V814H214.4V480.1z\"><\/path>\n\t\t<\/svg>\n\t\t<span class=\"modern-title\">Click or drag a file to this area to upload.<\/span>\n\n\t\t\t<\/div>\n<\/div>\n<input\n\t\ttype=\"text\"\n\t\tautocomplete=\"off\"\n\t\treadonly\n\t\tclass=\"dropzone-input\"\n\t\tstyle=\"position:absolute!important;clip:rect(0,0,0,0)!important;height:1px!important;width:1px!important;border:0!important;overflow:hidden!important;padding:0!important;margin:0!important;\"\n\t\tid=\"wpforms-49249-field_11\"\n\t\tname=\"wpforms_49249_11\" \t\tvalue=\"\">\n<\/div><div id=\"wpforms-49249-field_2-container\" class=\"wpforms-field wpforms-field-textarea\" data-field-id=\"2\"><label class=\"wpforms-field-label wpforms-label-hide\" for=\"wpforms-49249-field_2\">Nachricht<\/label><textarea id=\"wpforms-49249-field_2\" class=\"wpforms-field-medium\" name=\"wpforms[fields][2]\" placeholder=\"Nachricht\" ><\/textarea><\/div><\/div><!-- .wpforms-field-container --><div class=\"wpforms-submit-container\" ><input type=\"hidden\" name=\"wpforms[id]\" value=\"49249\"><input type=\"hidden\" name=\"page_title\" value=\"\"><input type=\"hidden\" name=\"page_url\" value=\"https:\/\/brentex.ch\/en\/wp-json\/wp\/v2\/pages\/48944\"><button type=\"submit\" name=\"wpforms[submit]\" id=\"wpforms-submit-49249\" class=\"wpforms-submit\" data-alt-text=\"Senden...\" data-submit-text=\"Senden\" aria-live=\"assertive\" value=\"wpforms-submit\">Send<\/button><img loading=\"lazy\" decoding=\"async\" src=\"https:\/\/brentex.ch\/wp-content\/plugins\/wpforms\/assets\/images\/submit-spin.svg\" class=\"wpforms-submit-spinner\" style=\"display: none;\" width=\"26\" height=\"26\" alt=\"Loading\"><\/div><input type=\"hidden\" name=\"trp-form-language\" value=\"en\"\/><\/form><\/div>  <!-- .wpforms-container -->            <\/div>\n\t\t<\/div>\n\t\t\t\t<\/div>\n\t\t\t\t\t\t<\/div>\n\t\t\t\t\t<\/div>\n\t\t<\/div>\n\t\t\t\t\t\t\t\t<\/div>\n\t\t\t\t\t<\/div>\n\t\t<\/section>\n\t\t\t\t\t\t\t\t\t<\/div>\n\t\t\t<\/div>\n\t\t\t\t\t<\/div>","protected":false},"excerpt":{"rendered":"<p>Karriere Wir suchen Verst\u00e4rkung Brentex ist ein angesehener Partner f\u00fcr Webdesign und Onlinemarketing, der Unternehmen erfolgreich in der digitalen Welt etabliert. Das unersch\u00fctterliche Engagement f\u00fcr Qualit\u00e4t und Kundenzufriedenheit macht Brentex zu einem der f\u00fchrenden Anbieter f\u00fcr Webdesign in der Schweiz. Werde auch du Teil unserer Erfolgsgeschichte und bewirb dich f\u00fcr eine Karriere bei uns! Offene [&hellip;]<\/p>","protected":false},"author":3,"featured_media":39309,"parent":0,"menu_order":8,"comment_status":"closed","ping_status":"closed","template":"elementor_header_footer","meta":{"_acf_changed":false,"footnotes":""},"acf":[],"yoast_head":"<!-- This site is optimized with the Yoast SEO plugin v22.9 - https:\/\/yoast.com\/wordpress\/plugins\/seo\/ -->\n<title>Karriere - Brentex AG<\/title>\n<meta name=\"description\" content=\"Wir freuen uns auf Bewerbungen von motivierten und aufgeschlossenen Pers\u00f6nlichkeiten, die Lust haben, die Zukunft von Brentex mitzugestalten.\" \/>\n<meta name=\"robots\" content=\"index, follow, max-snippet:-1, max-image-preview:large, max-video-preview:-1\" \/>\n<link rel=\"canonical\" href=\"https:\/\/brentex.ch\/en\/karriere\/\" \/>\n<meta property=\"og:locale\" content=\"en_US\" \/>\n<meta property=\"og:type\" content=\"article\" \/>\n<meta property=\"og:title\" content=\"Karriere - Brentex AG\" \/>\n<meta property=\"og:description\" content=\"Wir freuen uns auf Bewerbungen von motivierten und aufgeschlossenen Pers\u00f6nlichkeiten, die Lust haben, die Zukunft von Brentex mitzugestalten.\" \/>\n<meta property=\"og:url\" content=\"https:\/\/brentex.ch\/en\/karriere\/\" \/>\n<meta property=\"og:site_name\" content=\"Brentex AG\" \/>\n<meta property=\"article:modified_time\" content=\"2026-03-25T11:16:30+00:00\" \/>\n<meta property=\"og:image\" content=\"https:\/\/brentex.ch\/wp-content\/uploads\/2022\/02\/11-1.jpg\" \/>\n\t<meta property=\"og:image:width\" content=\"1024\" \/>\n\t<meta property=\"og:image:height\" content=\"1024\" \/>\n\t<meta property=\"og:image:type\" content=\"image\/jpeg\" \/>\n<meta name=\"twitter:card\" content=\"summary_large_image\" \/>\n<meta name=\"twitter:label1\" content=\"Est. reading time\" \/>\n\t<meta name=\"twitter:data1\" content=\"2 minutes\" \/>\n<script type=\"application\/ld+json\" class=\"yoast-schema-graph\">{\"@context\":\"https:\/\/schema.org\",\"@graph\":[{\"@type\":\"WebPage\",\"@id\":\"https:\/\/brentex.ch\/karriere\/\",\"url\":\"https:\/\/brentex.ch\/karriere\/\",\"name\":\"Karriere - Brentex AG\",\"isPartOf\":{\"@id\":\"https:\/\/brentex.ch\/#website\"},\"primaryImageOfPage\":{\"@id\":\"https:\/\/brentex.ch\/karriere\/#primaryimage\"},\"image\":{\"@id\":\"https:\/\/brentex.ch\/karriere\/#primaryimage\"},\"thumbnailUrl\":\"https:\/\/brentex.ch\/wp-content\/uploads\/2022\/02\/11-1.jpg\",\"datePublished\":\"2023-10-12T08:38:58+00:00\",\"dateModified\":\"2026-03-25T11:16:30+00:00\",\"description\":\"Wir freuen uns auf Bewerbungen von motivierten und aufgeschlossenen Pers\u00f6nlichkeiten, die Lust haben, die Zukunft von Brentex mitzugestalten.\",\"breadcrumb\":{\"@id\":\"https:\/\/brentex.ch\/karriere\/#breadcrumb\"},\"inLanguage\":\"en-US\",\"potentialAction\":[{\"@type\":\"ReadAction\",\"target\":[\"https:\/\/brentex.ch\/karriere\/\"]}]},{\"@type\":\"ImageObject\",\"inLanguage\":\"en-US\",\"@id\":\"https:\/\/brentex.ch\/karriere\/#primaryimage\",\"url\":\"https:\/\/brentex.ch\/wp-content\/uploads\/2022\/02\/11-1.jpg\",\"contentUrl\":\"https:\/\/brentex.ch\/wp-content\/uploads\/2022\/02\/11-1.jpg\",\"width\":1024,\"height\":1024},{\"@type\":\"BreadcrumbList\",\"@id\":\"https:\/\/brentex.ch\/karriere\/#breadcrumb\",\"itemListElement\":[{\"@type\":\"ListItem\",\"position\":1,\"name\":\"Home\",\"item\":\"https:\/\/brentex.ch\/\"},{\"@type\":\"ListItem\",\"position\":2,\"name\":\"Karriere\"}]},{\"@type\":\"WebSite\",\"@id\":\"https:\/\/brentex.ch\/#website\",\"url\":\"https:\/\/brentex.ch\/\",\"name\":\"Brentex AG\",\"description\":\"\",\"publisher\":{\"@id\":\"https:\/\/brentex.ch\/#organization\"},\"inLanguage\":\"en-US\"},{\"@type\":\"Organization\",\"@id\":\"https:\/\/brentex.ch\/#organization\",\"name\":\"Brentex GmbH\",\"url\":\"https:\/\/brentex.ch\/\",\"logo\":{\"@type\":\"ImageObject\",\"inLanguage\":\"en-US\",\"@id\":\"https:\/\/brentex.ch\/#\/schema\/logo\/image\/\",\"url\":\"https:\/\/brentex.ch\/wp-content\/uploads\/2022\/09\/cropped-Siteicon-1.jpg\",\"contentUrl\":\"https:\/\/brentex.ch\/wp-content\/uploads\/2022\/09\/cropped-Siteicon-1.jpg\",\"width\":512,\"height\":512,\"caption\":\"Brentex GmbH\"},\"image\":{\"@id\":\"https:\/\/brentex.ch\/#\/schema\/logo\/image\/\"}}]}<\/script>\n<!-- \/ Yoast SEO plugin. -->","yoast_head_json":{"title":"Karriere - Brentex AG","description":"Wir freuen uns auf Bewerbungen von motivierten und aufgeschlossenen Pers\u00f6nlichkeiten, die Lust haben, die Zukunft von Brentex mitzugestalten.","robots":{"index":"index","follow":"follow","max-snippet":"max-snippet:-1","max-image-preview":"max-image-preview:large","max-video-preview":"max-video-preview:-1"},"canonical":"https:\/\/brentex.ch\/en\/karriere\/","og_locale":"en_US","og_type":"article","og_title":"Karriere - Brentex AG","og_description":"Wir freuen uns auf Bewerbungen von motivierten und aufgeschlossenen Pers\u00f6nlichkeiten, die Lust haben, die Zukunft von Brentex mitzugestalten.","og_url":"https:\/\/brentex.ch\/en\/karriere\/","og_site_name":"Brentex AG","article_modified_time":"2026-03-25T11:16:30+00:00","og_image":[{"width":1024,"height":1024,"url":"https:\/\/brentex.ch\/wp-content\/uploads\/2022\/02\/11-1.jpg","type":"image\/jpeg"}],"twitter_card":"summary_large_image","twitter_misc":{"Est. reading time":"2 minutes"},"schema":{"@context":"https:\/\/schema.org","@graph":[{"@type":"WebPage","@id":"https:\/\/brentex.ch\/karriere\/","url":"https:\/\/brentex.ch\/karriere\/","name":"Karriere - Brentex AG","isPartOf":{"@id":"https:\/\/brentex.ch\/#website"},"primaryImageOfPage":{"@id":"https:\/\/brentex.ch\/karriere\/#primaryimage"},"image":{"@id":"https:\/\/brentex.ch\/karriere\/#primaryimage"},"thumbnailUrl":"https:\/\/brentex.ch\/wp-content\/uploads\/2022\/02\/11-1.jpg","datePublished":"2023-10-12T08:38:58+00:00","dateModified":"2026-03-25T11:16:30+00:00","description":"Wir freuen uns auf Bewerbungen von motivierten und aufgeschlossenen Pers\u00f6nlichkeiten, die Lust haben, die Zukunft von Brentex mitzugestalten.","breadcrumb":{"@id":"https:\/\/brentex.ch\/karriere\/#breadcrumb"},"inLanguage":"en-US","potentialAction":[{"@type":"ReadAction","target":["https:\/\/brentex.ch\/karriere\/"]}]},{"@type":"ImageObject","inLanguage":"en-US","@id":"https:\/\/brentex.ch\/karriere\/#primaryimage","url":"https:\/\/brentex.ch\/wp-content\/uploads\/2022\/02\/11-1.jpg","contentUrl":"https:\/\/brentex.ch\/wp-content\/uploads\/2022\/02\/11-1.jpg","width":1024,"height":1024},{"@type":"BreadcrumbList","@id":"https:\/\/brentex.ch\/karriere\/#breadcrumb","itemListElement":[{"@type":"ListItem","position":1,"name":"Home","item":"https:\/\/brentex.ch\/"},{"@type":"ListItem","position":2,"name":"Karriere"}]},{"@type":"WebSite","@id":"https:\/\/brentex.ch\/#website","url":"https:\/\/brentex.ch\/","name":"Brentex AG","description":"","publisher":{"@id":"https:\/\/brentex.ch\/#organization"},"inLanguage":"en-US"},{"@type":"Organization","@id":"https:\/\/brentex.ch\/#organization","name":"Brentex GmbH","url":"https:\/\/brentex.ch\/","logo":{"@type":"ImageObject","inLanguage":"en-US","@id":"https:\/\/brentex.ch\/#\/schema\/logo\/image\/","url":"https:\/\/brentex.ch\/wp-content\/uploads\/2022\/09\/cropped-Siteicon-1.jpg","contentUrl":"https:\/\/brentex.ch\/wp-content\/uploads\/2022\/09\/cropped-Siteicon-1.jpg","width":512,"height":512,"caption":"Brentex GmbH"},"image":{"@id":"https:\/\/brentex.ch\/#\/schema\/logo\/image\/"}}]}},"_links":{"self":[{"href":"https:\/\/brentex.ch\/en\/wp-json\/wp\/v2\/pages\/48944"}],"collection":[{"href":"https:\/\/brentex.ch\/en\/wp-json\/wp\/v2\/pages"}],"about":[{"href":"https:\/\/brentex.ch\/en\/wp-json\/wp\/v2\/types\/page"}],"author":[{"embeddable":true,"href":"https:\/\/brentex.ch\/en\/wp-json\/wp\/v2\/users\/3"}],"replies":[{"embeddable":true,"href":"https:\/\/brentex.ch\/en\/wp-json\/wp\/v2\/comments?post=48944"}],"version-history":[{"count":75,"href":"https:\/\/brentex.ch\/en\/wp-json\/wp\/v2\/pages\/48944\/revisions"}],"predecessor-version":[{"id":52195,"href":"https:\/\/brentex.ch\/en\/wp-json\/wp\/v2\/pages\/48944\/revisions\/52195"}],"wp:featuredmedia":[{"embeddable":true,"href":"https:\/\/brentex.ch\/en\/wp-json\/wp\/v2\/media\/39309"}],"wp:attachment":[{"href":"https:\/\/brentex.ch\/en\/wp-json\/wp\/v2\/media?parent=48944"}],"curies":[{"name":"wp","href":"https:\/\/api.w.org\/{rel}","templated":true}]}}